{"id":461,"date":"2024-09-05T21:59:18","date_gmt":"2024-09-06T02:59:18","guid":{"rendered":"https:\/\/conalfe.com.co\/?page_id=461"},"modified":"2026-01-19T15:53:00","modified_gmt":"2026-01-19T20:53:00","slug":"proceso-de-pago","status":"publish","type":"page","link":"https:\/\/conalfe.com.co\/index.php\/proceso-de-pago\/","title":{"rendered":"Proceso de pago"},"content":{"rendered":"\t\t<div data-elementor-type=\"wp-page\" data-elementor-id=\"461\" class=\"elementor elementor-461\">\n\t\t\t\t<div class=\"elementor-element elementor-element-5db2d2a e-flex e-con-boxed e-con e-parent\" data-id=\"5db2d2a\" data-element_type=\"container\">\n\t\t\t\t\t<div class=\"e-con-inner\">\n\t\t\t\t<div class=\"elementor-element elementor-element-7a4349c elementor-widget elementor-widget-text-editor\" data-id=\"7a4349c\" data-element_type=\"widget\" data-widget_type=\"text-editor.default\">\n\t\t\t\t<div class=\"elementor-widget-container\">\n\t\t\t\t\t\t\t<ul>\n<li><span style=\"text-align: var(--text-align);\">Apreciado asociado, el tr\u00e1mite de certificaci\u00f3n de deuda genera unos derechos administrativos a cargo del solicitante por un valor de veintidos mil pesos m\/cte ($22.000.oo), el proceso se realiza de forma segura y 100% en linea para su comodidad y por medio de nuestros canales de pago electr\u00f3nico.<\/span><\/li>\n<li><span style=\"text-align: var(--text-align);\">&nbsp;<\/span><span style=\"text-align: var(--text-align);\">El certificado se genera dentro de las 72 horas h\u00e1biles siguientes a la acreditaci\u00f3n del pago y se env\u00eda al correo electr\u00f3nico que usted suministr\u00f3 al momento de la solicitud.<\/span><\/li>\n<li><span style=\"text-align: var(--text-align);\">&nbsp;<\/span><span style=\"text-align: var(--text-align);\">Si ya Diligencio El Formulario de click en el bot\u00f3n &#8220;Paga con PayU, si no lo a llenado a\u00fan Diligencielo, al finalizar dele guardar y sera guiado de nuevo a esta p\u00e1gina&#8230;puede ir al formulario aqui: (<a href=\"https:\/\/conalfe.com.co\/#features\">LLENAR FORMULARIO<\/a>)<\/span><\/li>\n<li>Si no le llega el certificado dentro de este tiempo, por favor verifique la bandeja de entrada de &#8220;mensajes no deseados&#8221; o &#8220;spam&#8221;<\/li>\n<li>&nbsp;Cuando hayas realizado el pago en la plataforma de Pay\u00fa por favor imprime el recibo de pago .<\/li>\n<\/ul>\n<p><a href=\"https:\/\/biz.payulatam.com\/B0e822aE36D54B9\"><img decoding=\"async\" class=\"wp-image-243 size-full aligncenter\" src=\"https:\/\/conalfe.com.co\/wp-content\/uploads\/2024\/09\/Paga-con-payu.png\" alt=\"\" width=\"200\" height=\"50\" data-wp-editing=\"1\"><\/a><\/p>\n<p><img fetchpriority=\"high\" decoding=\"async\" class=\"size-medium wp-image-360 aligncenter\" src=\"https:\/\/conalfe.com.co\/wp-content\/uploads\/2024\/09\/codigo-pagos-social-credito-300x300.png\" alt=\"\" width=\"300\" height=\"300\" srcset=\"https:\/\/conalfe.com.co\/wp-content\/uploads\/2024\/09\/codigo-pagos-social-credito-300x300.png 300w, https:\/\/conalfe.com.co\/wp-content\/uploads\/2024\/09\/codigo-pagos-social-credito-150x150.png 150w, https:\/\/conalfe.com.co\/wp-content\/uploads\/2024\/09\/codigo-pagos-social-credito.png 408w\" sizes=\"(max-width: 300px) 100vw, 300px\" \/><\/p>\n<p><span style=\"text-align: var(--text-align);\">&nbsp;<\/span><\/p>\n<div><span style=\"text-align: var(--text-align); color: var( --e-global-color-text ); letter-spacing: 0px;\">&nbsp;<\/span><\/div>\t\t\t\t\t\t<\/div>\n\t\t\t\t<\/div>\n\t\t\t\t\t<\/div>\n\t\t\t\t<\/div>\n\t\t\t\t<\/div>\n\t\t","protected":false},"excerpt":{"rendered":"<p>Apreciado asociado, el tr\u00e1mite de certificaci\u00f3n de deuda genera unos derechos administrativos a cargo del solicitante por un valor de veintidos mil pesos m\/cte ($22.000.oo), el proceso se realiza de forma segura y 100% en linea para su comodidad y por medio de nuestros canales de pago electr\u00f3nico. &nbsp;El certificado se genera dentro de las &hellip;<\/p>\n","protected":false},"author":1,"featured_media":0,"parent":0,"menu_order":0,"comment_status":"closed","ping_status":"closed","template":"","meta":{"footnotes":""},"class_list":["post-461","page","type-page","status-publish","hentry"],"_links":{"self":[{"href":"https:\/\/conalfe.com.co\/index.php\/wp-json\/wp\/v2\/pages\/461"}],"collection":[{"href":"https:\/\/conalfe.com.co\/index.php\/wp-json\/wp\/v2\/pages"}],"about":[{"href":"https:\/\/conalfe.com.co\/index.php\/wp-json\/wp\/v2\/types\/page"}],"author":[{"embeddable":true,"href":"https:\/\/conalfe.com.co\/index.php\/wp-json\/wp\/v2\/users\/1"}],"replies":[{"embeddable":true,"href":"https:\/\/conalfe.com.co\/index.php\/wp-json\/wp\/v2\/comments?post=461"}],"version-history":[{"count":22,"href":"https:\/\/conalfe.com.co\/index.php\/wp-json\/wp\/v2\/pages\/461\/revisions"}],"predecessor-version":[{"id":562,"href":"https:\/\/conalfe.com.co\/index.php\/wp-json\/wp\/v2\/pages\/461\/revisions\/562"}],"wp:attachment":[{"href":"https:\/\/conalfe.com.co\/index.php\/wp-json\/wp\/v2\/media?parent=461"}],"curies":[{"name":"wp","href":"https:\/\/api.w.org\/{rel}","templated":true}]}}